{"id":1001,"date":"2024-03-06T16:29:45","date_gmt":"2024-03-06T16:29:45","guid":{"rendered":"https:\/\/hazquepaseya.live-website.com\/?page_id=1001"},"modified":"2024-03-06T17:36:23","modified_gmt":"2024-03-06T17:36:23","slug":"politicas-de-devolucion-y-reembolso","status":"publish","type":"page","link":"https:\/\/hazquepaseya.com\/en\/politicas-de-devolucion-y-reembolso\/","title":{"rendered":"Return policy and Refund"},"content":{"rendered":"<div data-elementor-type=\"wp-page\" data-elementor-id=\"1001\" class=\"elementor elementor-1001\" data-elementor-post-type=\"page\">\n\t\t\t\t<div class=\"elementor-element elementor-element-5b7792ae e-flex e-con-boxed e-con e-parent\" data-id=\"5b7792ae\" data-element_type=\"container\" data-e-type=\"container\">\n\t\t\t\t\t<div class=\"e-con-inner\">\n\t\t\t\t<div class=\"elementor-element elementor-element-f621d99 elementor-widget elementor-widget-spacer\" data-id=\"f621d99\" data-element_type=\"widget\" data-e-type=\"widget\" data-widget_type=\"spacer.default\">\n\t\t\t\t<div class=\"elementor-widget-container\">\n\t\t\t\t\t\t\t<div class=\"elementor-spacer\">\n\t\t\t<div class=\"elementor-spacer-inner\"><\/div>\n\t\t<\/div>\n\t\t\t\t\t\t<\/div>\n\t\t\t\t<\/div>\n\t\t\t\t<div class=\"elementor-element elementor-element-60fe6557 elementor-widget elementor-widget-text-editor\" data-id=\"60fe6557\" data-element_type=\"widget\" data-e-type=\"widget\" data-widget_type=\"text-editor.default\">\n\t\t\t\t<div class=\"elementor-widget-container\">\n\t\t\t\t\t\t\t\t\t<h2>Return and Refund policy<\/h2><p>Updated on 2024-03-06<\/p><h2>Definitions and key terms<\/h2><p>To help explain things as clearly as possible in this Return and Refund Policy, each time that reference is made to any of these terms, is strictly defined as:<\/p><ul><li>Cookie: small amount of data generated by a website and stored by your web browser. It is used to identify your browser, provide analytics, remember information about you, such as your language preference or login information.<\/li><li>Company: when this policy mentions &#034;Company&#034;, &#034;we&#034;, &#034;us&#034; or &#034;our,&#034; it means to Make That Pass, which is responsible for your information under this Return and Refund Policy.<\/li><li>Platform: Haz Que Pase Ya's Internet website, web application or public-facing digital application.<\/li><li>Client: refers to the company, organization or individual who registers to use the Make It Happen Now Service to manage relationships with its consumers or users of the service.<\/li><li>Device: any device connected to the Internet, such as a phone, tablet, computer or any other device that can be used to visit Haz Que Pase Ya and use the services.<\/li><li>Service: refers to the service provided by Haz Que Pase Ya as described in the relative terms (if available) and in this platform.<\/li><li>Website: the Haz Que Pase Ya website, which can be accessed through this URL: https:\/\/hazquepaseya.live-website.com\/<\/li><li>You: a person or entity that is registered with Haz Que Pase Ya to use the Services.<\/li><\/ul><p>\u00a0<\/p><h2>Return and Refund policy<\/h2><p>Thank you for purchasing in a Bundle That Pass. We appreciate the fact that you like to buy the things we build. We also want to make sure that you have a rewarding experience as you explore, evaluate, and purchase our products.<\/p><p>As with any shopping experience, there are terms and conditions that apply to transactions in a Bundle That Pass. We will be as brief as permit our lawyers. The main thing you should remember is that by placing an order or making a purchase in a Bundle That Pass Already, you agree to the terms set forth below along with the privacy Policy of Beam To Pass.<\/p><p>If there are any problems with the product you purchased, or if you are not satisfied with it, will not be able to issue a refund for your article.<\/p><h2>Refunds<\/h2><p>Beam To Pass Because we are committed to serve our customers with the best products. Each one of the products that you choose are thoroughly inspected, checked for defects, and packaged with the utmost care. We do this to ensure that you fall in love with our products.<\/p><p>Unfortunately, there are occasions in which it is possible not to have the products you choose in stock or that we have some problems with our inventory, and quality control. In such cases, it is possible that we will have to cancel your order. You will be informed about it in advance so that you don&#039;t have to worry needlessly for your order. If you have purchased via on-line payment (no cod), you will be reimbursed one time for our team to confirm your request.<\/p><p>We conducted a quality control thorough before processing the item ordered. We take the utmost care when packing the product. At the same time, we ensure that the packing is good for that items are not damaged during the transportation. Note that Beam That Pass is not responsible for the damages caused to items during transit or transport.<\/p><p>We follow certain policies to ensure transparency, efficiency and quality of care to the client:<\/p><ul><li>We do NOT allow returns of products sold online or at points of sale.<\/li><li>We do NOT accept returned products, because we believe that clients should get quality products.<\/li><li>NO refunds are given for any purchase, whether online or in a retail store.<\/li><li>We do NOT promote exchanges of our products.<\/li><li>We do NOT participate in the resale of used products and we discourage them, because we can not guarantee products of the best quality to our customers.<\/li><\/ul><p>For international orders:<\/p><ul><li>We do NOT allow exchanges or returns.<\/li><li>If you cancel your order before we will process and send for shipping, you can process a refund. Orders typically take between 1 and 2 days to process prior to shipping.<\/li><li>Orders that are already in shipping are not eligible for return, cancellation or refund.<\/li><li>If you have any problem, please contact our support team immediately.<\/li><\/ul><h2>Your consent<\/h2><p>When you use our platform, register for an account or make a purchase, you hereby agree to our return and refund Policy and agree to its terms.<\/p><h2>Changes to our Return and Refund Policy<\/h2><p>We may update, amend or make any changes to this document to accurately reflect our Service and policies. Unless otherwise required by law, such changes will be posted prominently here. Then, if you continue to use the Service, shall be subject to the return and refund Policy up-to-date. If you do not want to accept this or any return and refund Policy up-to-date, you may delete your account.<\/p><h2>Contact us at<\/h2><p>If for any reason you are not completely satisfied with any good or service that we provide to you, do not hesitate to contact us and discuss any of the issues you are going through with our product.<\/p><ul><li>Via e-mail: hello@hazquepaseya.live-website.com<\/li><li>Through the telephone number: 407-557-5145<\/li><li>Through this link: https:\/\/hazquepaseya.live-website.com\/<\/li><li>Through this address: 2500 W Lake Mary Blvd suite 107 F Lake Mary Fl 32746<\/li><\/ul>\t\t\t\t\t\t\t\t<\/div>\n\t\t\t\t<\/div>\n\t\t\t\t<div class=\"elementor-element elementor-element-34391aab elementor-widget elementor-widget-spacer\" data-id=\"34391aab\" data-element_type=\"widget\" data-e-type=\"widget\" data-widget_type=\"spacer.default\">\n\t\t\t\t<div class=\"elementor-widget-container\">\n\t\t\t\t\t\t\t<div class=\"elementor-spacer\">\n\t\t\t<div class=\"elementor-spacer-inner\"><\/div>\n\t\t<\/div>\n\t\t\t\t\t\t<\/div>\n\t\t\t\t<\/div>\n\t\t\t\t\t<\/div>\n\t\t\t\t<\/div>\n\t\t\t\t<\/div>","protected":false},"excerpt":{"rendered":"<p>Pol\u00edtica de Devoluci\u00f3n y Reembolso Actualizado el 2024-03-06 Definiciones y t\u00e9rminos clave Para ayudar a explicar las cosas de la manera m\u00e1s clara posible en esta Pol\u00edtica de Devoluci\u00f3n y Reembolso, cada vez que se hace referencia a cualquiera de estos t\u00e9rminos, se definen estrictamente como: Cookie:\u00a0peque\u00f1a cantidad de datos generados por un sitio web [&hellip;]<\/p>\n","protected":false},"author":1,"featured_media":0,"parent":0,"menu_order":0,"comment_status":"closed","ping_status":"closed","template":"","meta":{"footnotes":""},"class_list":["post-1001","page","type-page","status-publish","hentry"],"_links":{"self":[{"href":"https:\/\/hazquepaseya.com\/en\/wp-json\/wp\/v2\/pages\/1001","targetHints":{"allow":["GET"]}}],"collection":[{"href":"https:\/\/hazquepaseya.com\/en\/wp-json\/wp\/v2\/pages"}],"about":[{"href":"https:\/\/hazquepaseya.com\/en\/wp-json\/wp\/v2\/types\/page"}],"author":[{"embeddable":true,"href":"https:\/\/hazquepaseya.com\/en\/wp-json\/wp\/v2\/users\/1"}],"replies":[{"embeddable":true,"href":"https:\/\/hazquepaseya.com\/en\/wp-json\/wp\/v2\/comments?post=1001"}],"version-history":[{"count":7,"href":"https:\/\/hazquepaseya.com\/en\/wp-json\/wp\/v2\/pages\/1001\/revisions"}],"predecessor-version":[{"id":1032,"href":"https:\/\/hazquepaseya.com\/en\/wp-json\/wp\/v2\/pages\/1001\/revisions\/1032"}],"wp:attachment":[{"href":"https:\/\/hazquepaseya.com\/en\/wp-json\/wp\/v2\/media?parent=1001"}],"curies":[{"name":"wp","href":"https:\/\/api.w.org\/{rel}","templated":true}]}}