{"id":1101,"date":"2024-05-03T14:20:37","date_gmt":"2024-05-03T14:20:37","guid":{"rendered":"https:\/\/hazquepaseya.live-website.com\/?post_type=product&#038;p=1101"},"modified":"2024-05-03T14:21:02","modified_gmt":"2024-05-03T14:21:02","slug":"libro-haz-que-pase-ya-e-book-libro-virtual-isbn-979-8-9901-729-1-3-to-receive-in-24-hours-copia","status":"publish","type":"product","link":"https:\/\/hazquepaseya.com\/en\/shop\/libro-haz-que-pase-ya-e-book-libro-virtual-isbn-979-8-9901-729-1-3-to-receive-in-24-hours-copia\/","title":{"rendered":"Libro \u00a1Haz que pase ya! E-book libro virtual ISBN 979-8-9901-729-1-3  to receive in 24 hours. (copia)"},"content":{"rendered":"<p>E-Book, Libro virtual \u00abHaz que pase ya\u00bb no solo te proporcionar\u00e1 herramientas pr\u00e1cticas para el \u00e9xito empresarial, sino que tambi\u00e9n te inspirar\u00e1 a trav\u00e9s de lecciones basadas en la Fe y la Esperanza. Leidis Bedoya te invita a un viaje divertido y transformador para superar obst\u00e1culos, hacer crecer tu negocio y vivir la vida que siempre so\u00f1aste. \u00a1No te pierdas la oportunidad de aprovechar sus ense\u00f1anzas y transformar tu negocio y tu vida hoy. Libro \u00a1Haz que pase ya! E-book libro virtual ISBN 979-8-9901-729-1-3 to receive in 24 hours<\/p>","protected":false},"excerpt":{"rendered":"<p>\u00abHaz que pase ya\u00bb no solo te proporcionar\u00e1 herramientas pr\u00e1cticas para el \u00e9xito empresarial, sino que tambi\u00e9n te inspirar\u00e1 a trav\u00e9s de lecciones basadas en la Fe y la Esperanza. Leidis Bedoya te invita a un viaje divertido y transformador para superar obst\u00e1culos, hacer crecer tu negocio y vivir la vida que siempre so\u00f1aste. \u00a1No te pierdas la oportunidad de aprovechar sus ense\u00f1anzas y transformar tu negocio y tu vida hoy mismo!Libro \u00a1Haz que pase ya! E-book libro virtual ISBN 979-8-9901-729-1-3 to receive in 24 hours<\/p>","protected":false},"featured_media":1054,"comment_status":"open","ping_status":"closed","template":"","meta":[],"product_brand":[],"product_cat":[33,35],"product_tag":[],"class_list":{"0":"post-1101","1":"product","2":"type-product","3":"status-publish","4":"has-post-thumbnail","6":"product_cat-libro-individual","7":"product_cat-libro-virtual","9":"first","10":"instock","11":"sale","12":"virtual","13":"taxable","14":"purchasable","15":"product-type-simple"},"_links":{"self":[{"href":"https:\/\/hazquepaseya.com\/en\/wp-json\/wp\/v2\/product\/1101","targetHints":{"allow":["GET"]}}],"collection":[{"href":"https:\/\/hazquepaseya.com\/en\/wp-json\/wp\/v2\/product"}],"about":[{"href":"https:\/\/hazquepaseya.com\/en\/wp-json\/wp\/v2\/types\/product"}],"replies":[{"embeddable":true,"href":"https:\/\/hazquepaseya.com\/en\/wp-json\/wp\/v2\/comments?post=1101"}],"wp:featuredmedia":[{"embeddable":true,"href":"https:\/\/hazquepaseya.com\/en\/wp-json\/wp\/v2\/media\/1054"}],"wp:attachment":[{"href":"https:\/\/hazquepaseya.com\/en\/wp-json\/wp\/v2\/media?parent=1101"}],"wp:term":[{"taxonomy":"product_brand","embeddable":true,"href":"https:\/\/hazquepaseya.com\/en\/wp-json\/wp\/v2\/product_brand?post=1101"},{"taxonomy":"product_cat","embeddable":true,"href":"https:\/\/hazquepaseya.com\/en\/wp-json\/wp\/v2\/product_cat?post=1101"},{"taxonomy":"product_tag","embeddable":true,"href":"https:\/\/hazquepaseya.com\/en\/wp-json\/wp\/v2\/product_tag?post=1101"}],"curies":[{"name":"wp","href":"https:\/\/api.w.org\/{rel}","templated":true}]}}