{"id":240,"date":"2024-01-16T03:40:19","date_gmt":"2024-01-16T03:40:19","guid":{"rendered":"https:\/\/hazquepaseya.live-website.com\/?post_type=product&#038;p=240"},"modified":"2025-08-19T19:04:01","modified_gmt":"2025-08-19T19:04:01","slug":"has-que-pase-ya","status":"publish","type":"product","link":"https:\/\/hazquepaseya.com\/en\/shop\/has-que-pase-ya\/","title":{"rendered":"Libro \u00a1Haz que pase ya! Envio usps. ISBN 979-8-218-35608-8  Tapa blanda"},"content":{"rendered":"<p>\u00abHaz que pase ya\u00bb no solo te proporcionar\u00e1 herramientas pr\u00e1cticas para el \u00e9xito empresarial, sino que tambi\u00e9n te inspirar\u00e1 a trav\u00e9s de lecciones basadas en la Fe y la Esperanza. Leidis Bedoya te invita a un viaje divertido y transformador para superar obst\u00e1culos, hacer crecer tu negocio y vivir la vida que siempre so\u00f1aste. \u00a1No te pierdas la oportunidad de aprovechar sus ense\u00f1anzas y transformar tu negocio y tu vida hoy mismo. ISBN 979-8-218-35608-8<\/p>\n<p><a href=\"https:\/\/www.paypal.com\/ncp\/payment\/WJ2MCJ3NXQBLL\" target=\"_blank\" rel=\"noopener\">PAGA AQU\u00cd PARA ENVI\u00d3 GRATIS DENTRO DE ESTADOS UNIDOS<\/a><\/p>","protected":false},"excerpt":{"rendered":"<p>\u00abHaz que pase ya\u00bb no solo te proporcionar\u00e1 herramientas pr\u00e1cticas para el \u00e9xito empresarial, sino que tambi\u00e9n te inspirar\u00e1 a trav\u00e9s de lecciones basadas en la Fe y la Esperanza. Leidis Bedoya te invita a un viaje divertido y transformador para superar obst\u00e1culos, hacer crecer tu negocio y vivir la vida que siempre so\u00f1aste. \u00a1No te pierdas la oportunidad de aprovechar sus ense\u00f1anzas y transformar tu negocio y tu vida hoy mismo! ISBN 979-8-218-35608-8.\u00a0 Tapa blanda.<\/p>\n<p><a href=\"https:\/\/www.paypal.com\/ncp\/payment\/WJ2MCJ3NXQBLL\" target=\"_blank\" rel=\"noopener\">PAGA AQU\u00cd PARA ENVI\u00d3 GRATIS DENTRO DE ESTADOS UNIDOS<\/a><\/p>","protected":false},"featured_media":1038,"comment_status":"open","ping_status":"closed","template":"","meta":[],"product_brand":[],"product_cat":[33],"product_tag":[],"class_list":{"0":"post-240","1":"product","2":"type-product","3":"status-publish","4":"has-post-thumbnail","6":"product_cat-libro-individual","7":"product_shipping_class-libro-individual","9":"first","10":"instock","11":"sale","12":"taxable","13":"shipping-taxable","14":"purchasable","15":"product-type-simple"},"_links":{"self":[{"href":"https:\/\/hazquepaseya.com\/en\/wp-json\/wp\/v2\/product\/240","targetHints":{"allow":["GET"]}}],"collection":[{"href":"https:\/\/hazquepaseya.com\/en\/wp-json\/wp\/v2\/product"}],"about":[{"href":"https:\/\/hazquepaseya.com\/en\/wp-json\/wp\/v2\/types\/product"}],"replies":[{"embeddable":true,"href":"https:\/\/hazquepaseya.com\/en\/wp-json\/wp\/v2\/comments?post=240"}],"wp:featuredmedia":[{"embeddable":true,"href":"https:\/\/hazquepaseya.com\/en\/wp-json\/wp\/v2\/media\/1038"}],"wp:attachment":[{"href":"https:\/\/hazquepaseya.com\/en\/wp-json\/wp\/v2\/media?parent=240"}],"wp:term":[{"taxonomy":"product_brand","embeddable":true,"href":"https:\/\/hazquepaseya.com\/en\/wp-json\/wp\/v2\/product_brand?post=240"},{"taxonomy":"product_cat","embeddable":true,"href":"https:\/\/hazquepaseya.com\/en\/wp-json\/wp\/v2\/product_cat?post=240"},{"taxonomy":"product_tag","embeddable":true,"href":"https:\/\/hazquepaseya.com\/en\/wp-json\/wp\/v2\/product_tag?post=240"}],"curies":[{"name":"wp","href":"https:\/\/api.w.org\/{rel}","templated":true}]}}