{"id":765,"date":"2024-01-19T22:59:16","date_gmt":"2024-01-19T22:59:16","guid":{"rendered":"https:\/\/hazquepaseya.live-website.com\/?post_type=product&#038;p=765"},"modified":"2025-08-19T19:27:50","modified_gmt":"2025-08-19T19:27:50","slug":"1-talleres-de-la-pagina-de-programas","status":"publish","type":"product","link":"https:\/\/hazquepaseya.com\/en\/shop\/1-talleres-de-la-pagina-de-programas\/","title":{"rendered":"1 taller\/mentor\u00eda de una hora de la p\u00e1gina de programas o mentor\u00eda personalizada. Oferta tiempo limitado. Covering education services, namely, providing panel discussions in the field of coaching, mentoring training, and personal development."},"content":{"rendered":"<p>Includes book make that pass by Leidis Bedoya.<\/p>\n<p>Selecci\u00f3n en enfoque personalizado:<\/p>\n<p>Contamos con diferentes opciones para ayudar en tus finanzas en diferentes aspectos ya sean empresariales y como ayudar a el \u00e9xito de tu negocio, con opciones:\u00a0 empresariales exclusivamente dise\u00f1adas para tu tipo de negocio, Real Estate flipping, diferentes tipos de negocios, como multiplicar el dinero por medio de productos de vida y anualidades.<\/p>\n<p>todo con expertos en coaching, expertos con las licencias correspondientes como Broker de propiedad raiz, licencias en seguros y anualidades, y profesionales en coaching empresarial.<\/p>\n<p>PARA DISPONIBILIDAD Y CITAS, POR FAVOR LLAMARNOS: 407-557-5145<\/p>\n<p>&nbsp;<\/p>\n<p>&nbsp;<\/p>","protected":false},"excerpt":{"rendered":"<ul>\n<li>Incluye libro haz que pase Ya por Leidis Bedoya. Selecci\u00f3n en enfoque personalizado:Contamos con diferentes opciones para ayudar en tus finanzas en diferentes aspectos ya sean empresariales y como ayudar a el \u00e9xito de tu negocio, con opciones:\u00a0 empresariales exclusivamente dise\u00f1adas para tu tipo de negocio, Real Estate flipping, diferentes tipos de negocios, como multiplicar el dinero por medio de productos de vida y anualidades.todo con expertos en coaching, expertos con las licencias correspondientes como Broker de propiedad raiz, licencias en seguros y anualidades, y profesionales en coaching empresarial.<\/li>\n<li>PARA DISPONIBILIDAD Y CITAS POR FAVOR LLAMARNOS: 407-557-5145<\/li>\n<\/ul>","protected":false},"featured_media":65,"comment_status":"open","ping_status":"closed","template":"","meta":[],"product_brand":[],"product_cat":[27,28],"product_tag":[],"class_list":{"0":"post-765","1":"product","2":"type-product","3":"status-publish","4":"has-post-thumbnail","6":"product_cat-coaching-empresarial","7":"product_cat-paquetes","9":"first","10":"instock","11":"sale","12":"virtual","13":"purchasable","14":"product-type-simple"},"_links":{"self":[{"href":"https:\/\/hazquepaseya.com\/en\/wp-json\/wp\/v2\/product\/765","targetHints":{"allow":["GET"]}}],"collection":[{"href":"https:\/\/hazquepaseya.com\/en\/wp-json\/wp\/v2\/product"}],"about":[{"href":"https:\/\/hazquepaseya.com\/en\/wp-json\/wp\/v2\/types\/product"}],"replies":[{"embeddable":true,"href":"https:\/\/hazquepaseya.com\/en\/wp-json\/wp\/v2\/comments?post=765"}],"wp:featuredmedia":[{"embeddable":true,"href":"https:\/\/hazquepaseya.com\/en\/wp-json\/wp\/v2\/media\/65"}],"wp:attachment":[{"href":"https:\/\/hazquepaseya.com\/en\/wp-json\/wp\/v2\/media?parent=765"}],"wp:term":[{"taxonomy":"product_brand","embeddable":true,"href":"https:\/\/hazquepaseya.com\/en\/wp-json\/wp\/v2\/product_brand?post=765"},{"taxonomy":"product_cat","embeddable":true,"href":"https:\/\/hazquepaseya.com\/en\/wp-json\/wp\/v2\/product_cat?post=765"},{"taxonomy":"product_tag","embeddable":true,"href":"https:\/\/hazquepaseya.com\/en\/wp-json\/wp\/v2\/product_tag?post=765"}],"curies":[{"name":"wp","href":"https:\/\/api.w.org\/{rel}","templated":true}]}}