{"id":863,"date":"2024-02-01T17:24:31","date_gmt":"2024-02-01T17:24:31","guid":{"rendered":"https:\/\/hazquepaseya.live-website.com\/?post_type=product&#038;p=863"},"modified":"2024-12-27T19:54:31","modified_gmt":"2024-12-27T19:54:31","slug":"libro-haz-que-pase-ya-recoger-personalmente","status":"publish","type":"product","link":"https:\/\/hazquepaseya.com\/en\/shop\/libro-haz-que-pase-ya-recoger-personalmente\/","title":{"rendered":"2 Libros\u00a1Haz que pase ya! and Make it a reality now! EVENTO\/EVENT. Two books. Espa\u00f1ol e Ingl\u00e9s."},"content":{"rendered":"<p>Venta en Evento. Solo aplica este precio si estas en este momento atendiendo a un evento y recibir\u00e1s tu libro fisico en persona despues de realizar el pago.<\/p>\n<p>This price is applicable only if you are at this moment attending an event, and after making the payment you will receive the book today during the event.<\/p>\n<p>\u00abHaz que pase ya\u00bb no solo te proporcionar\u00e1 herramientas pr\u00e1cticas para el \u00e9xito empresarial, sino que tambi\u00e9n te inspirar\u00e1 a trav\u00e9s de lecciones basadas en la Fe y la Esperanza. Leidis Bedoya te invita a un viaje divertido y transformador para superar obst\u00e1culos, hacer crecer tu negocio y vivir la vida que siempre so\u00f1aste. \u00a1No te pierdas la oportunidad de aprovechar sus ense\u00f1anzas y transformar tu negocio y tu vida hoy.<\/p>\n<pre id=\"tw-target-text\" class=\"tw-data-text tw-text-large tw-ta\" dir=\"ltr\" data-placeholder=\"Translation\" aria-label=\"Translated text\" data-ved=\"2ahUKEwjDwp-62_GFAxXuyxQJHeRCBDYQ3ewLegQICBAU\"><span class=\"Y2IQFc\" lang=\"en\">\u201cMake It a Reality Now\u201d will not only provide you with practical tools for business success, but will also inspire you through lessons based on Faith and Hope. Leidis Bedoya invites you on a fun and transformative journey to overcome obstacles, grow your business and live the life you always dreamed of. Don't miss the opportunity to take advantage of his teachings and transform your business and your life today.<\/span><\/pre>","protected":false},"excerpt":{"rendered":"<p>Venta en Evento. Solo aplica este precio si estas en este momento atendiendo a un evento y recibir\u00e1s tu libro en persona despues de realizar el pago.<\/p>\n<p>This price is applicable only if you are at this moment attending an event, and after making the payment you will receive the book today during the event.<\/p>\n<p>\u00abHaz que pase ya\u00bb no solo te proporcionar\u00e1 herramientas pr\u00e1cticas para el \u00e9xito empresarial, sino que tambi\u00e9n te inspirar\u00e1 a trav\u00e9s de lecciones basadas en la Fe y la Esperanza. Leidis Bedoya te invita a un viaje divertido y transformador para superar obst\u00e1culos, hacer crecer tu negocio y vivir la vida que siempre so\u00f1aste. \u00a1No te pierdas la oportunidad de aprovechar sus ense\u00f1anzas y transformar tu negocio y tu vida hoy.<\/p>\n<pre id=\"tw-target-text\" class=\"tw-data-text tw-text-large tw-ta\" dir=\"ltr\" data-placeholder=\"Translation\" aria-label=\"Translated text\" data-ved=\"2ahUKEwjDwp-62_GFAxXuyxQJHeRCBDYQ3ewLegQICBAU\"><span class=\"Y2IQFc\" lang=\"en\">\u201cMake It a Reality Now\u201d will not only provide you with practical tools for business success, but will also inspire you through lessons based on Faith and Hope. Leidis Bedoya invites you on a fun and transformative journey to overcome obstacles, grow your business and live the life you always dreamed of. Don't miss the opportunity to take advantage of his teachings and transform your business and your life today.<\/span><\/pre>","protected":false},"featured_media":1054,"comment_status":"open","ping_status":"closed","template":"","meta":[],"product_brand":[],"product_cat":[33],"product_tag":[],"class_list":{"0":"post-863","1":"product","2":"type-product","3":"status-publish","4":"has-post-thumbnail","6":"product_cat-libro-individual","8":"first","9":"instock","10":"sale","11":"virtual","12":"taxable","13":"purchasable","14":"product-type-simple"},"_links":{"self":[{"href":"https:\/\/hazquepaseya.com\/en\/wp-json\/wp\/v2\/product\/863","targetHints":{"allow":["GET"]}}],"collection":[{"href":"https:\/\/hazquepaseya.com\/en\/wp-json\/wp\/v2\/product"}],"about":[{"href":"https:\/\/hazquepaseya.com\/en\/wp-json\/wp\/v2\/types\/product"}],"replies":[{"embeddable":true,"href":"https:\/\/hazquepaseya.com\/en\/wp-json\/wp\/v2\/comments?post=863"}],"wp:featuredmedia":[{"embeddable":true,"href":"https:\/\/hazquepaseya.com\/en\/wp-json\/wp\/v2\/media\/1054"}],"wp:attachment":[{"href":"https:\/\/hazquepaseya.com\/en\/wp-json\/wp\/v2\/media?parent=863"}],"wp:term":[{"taxonomy":"product_brand","embeddable":true,"href":"https:\/\/hazquepaseya.com\/en\/wp-json\/wp\/v2\/product_brand?post=863"},{"taxonomy":"product_cat","embeddable":true,"href":"https:\/\/hazquepaseya.com\/en\/wp-json\/wp\/v2\/product_cat?post=863"},{"taxonomy":"product_tag","embeddable":true,"href":"https:\/\/hazquepaseya.com\/en\/wp-json\/wp\/v2\/product_tag?post=863"}],"curies":[{"name":"wp","href":"https:\/\/api.w.org\/{rel}","templated":true}]}}